{"id":41,"date":"2025-12-17T11:31:45","date_gmt":"2025-12-17T11:31:45","guid":{"rendered":"https:\/\/mirovornanen.mediasaari.fi\/?page_id=41"},"modified":"2026-02-19T09:15:06","modified_gmt":"2026-02-19T09:15:06","slug":"bio","status":"publish","type":"page","link":"https:\/\/mirovornanen.mediasaari.fi\/index.php\/bio\/","title":{"rendered":"BIO"},"content":{"rendered":"\n<p>Olen 25 vuotias media-alan opiskelija. Harrastan valokuvausta ja taidetta sek\u00e4 teen musiikkia omalla ajallani. Toimin my\u00f6s tapahtumaj\u00e4rjest\u00e4j\u00e4n\u00e4 ja djn\u00e4. Suunnitelmissa olisi pakata dokumentti suomen elektroonisen ja rap musiikin piirist\u00e4. bless yall<\/p>\n","protected":false},"excerpt":{"rendered":"<p>Olen 25 vuotias media-alan opiskelija. Harrastan valokuvausta ja taidetta sek\u00e4 teen musiikkia omalla ajallani. Toimin my\u00f6s tapahtumaj\u00e4rjest\u00e4j\u00e4n\u00e4 ja djn\u00e4. Suunnitelmissa olisi pakata dokumentti suomen elektroonisen ja rap musiikin piirist\u00e4. bless yall<\/p>\n","protected":false},"author":1,"featured_media":0,"parent":0,"menu_order":0,"comment_status":"closed","ping_status":"closed","template":"","meta":{"footnotes":""},"class_list":["post-41","page","type-page","status-publish","hentry","entry"],"_links":{"self":[{"href":"https:\/\/mirovornanen.mediasaari.fi\/index.php\/wp-json\/wp\/v2\/pages\/41","targetHints":{"allow":["GET"]}}],"collection":[{"href":"https:\/\/mirovornanen.mediasaari.fi\/index.php\/wp-json\/wp\/v2\/pages"}],"about":[{"href":"https:\/\/mirovornanen.mediasaari.fi\/index.php\/wp-json\/wp\/v2\/types\/page"}],"author":[{"embeddable":true,"href":"https:\/\/mirovornanen.mediasaari.fi\/index.php\/wp-json\/wp\/v2\/users\/1"}],"replies":[{"embeddable":true,"href":"https:\/\/mirovornanen.mediasaari.fi\/index.php\/wp-json\/wp\/v2\/comments?post=41"}],"version-history":[{"count":3,"href":"https:\/\/mirovornanen.mediasaari.fi\/index.php\/wp-json\/wp\/v2\/pages\/41\/revisions"}],"predecessor-version":[{"id":173,"href":"https:\/\/mirovornanen.mediasaari.fi\/index.php\/wp-json\/wp\/v2\/pages\/41\/revisions\/173"}],"wp:attachment":[{"href":"https:\/\/mirovornanen.mediasaari.fi\/index.php\/wp-json\/wp\/v2\/media?parent=41"}],"curies":[{"name":"wp","href":"https:\/\/api.w.org\/{rel}","templated":true}]}}